{"id":329,"date":"2015-10-26T11:16:51","date_gmt":"2015-10-26T11:16:51","guid":{"rendered":"http:\/\/alouminomaxico.com\/visits\/balneario-de-mondariz\/"},"modified":"2018-01-03T09:58:41","modified_gmt":"2018-01-03T09:58:41","slug":"mondariz-spa","status":"publish","type":"page","link":"https:\/\/casadoaloumino.com\/en\/visits\/mondariz-spa\/","title":{"rendered":"Mondariz Spa"},"content":{"rendered":"<h2>Pozo da G\u00e1ndara Fountain at Mondariz Spa. <\/h2>\n<p>The mineral mining properties of the waters of Mondariz were known and were used for centuries by civilizations that like the Roman, have been known for their interest in the properties of <strong>medicinal and thermal waters<\/strong>. Proof of this has been that during the work of the conditioning of the old source of A G\u00e1ndara, remains of ancient canals and pipes were exposed. It is said that one of the possible locations for the Roman mansion of Burbida was the current location of Mondariz. The same toponym &#8220;burbida&#8221; could be related to the &#8220;bubbles&#8221; of this water. <\/p>\n<p><img loading=\"lazy\" decoding=\"async\" src=\"https:\/\/casadoaloumino.com\/wp-content\/uploads\/2015\/11\/mondariz_balneario.jpg\" alt=\"mondariz_balneario\" width=\"700\" height=\"258\" class=\"aligncenter size-full wp-image-167\" srcset=\"https:\/\/casadoaloumino.com\/wp-content\/uploads\/2015\/11\/mondariz_balneario.jpg 700w, https:\/\/casadoaloumino.com\/wp-content\/uploads\/2015\/11\/mondariz_balneario-300x111.jpg 300w, https:\/\/casadoaloumino.com\/wp-content\/uploads\/2015\/11\/mondariz_balneario-624x230.jpg 624w\" sizes=\"auto, (max-width: 700px) 100vw, 700px\" \/><\/p>\n<p>The waters of the Spa of Mondariz springs are of medium-weak mineralization, bicarbonated sodium, cold (15\u00ba-17\u00ba) and with thermal implication. They are <strong>suitable for the treatment<\/strong> of stomach, intestinal diseases, diabetes, arthritis, obesity, drops, urinary tract and kidney. <\/p>\n<p>Later on and thereupon it was in turn a meeting point for great personalities of politics, of the artistic world, of letters, thinkers&#8230; So they passed through here Emilia Pardo Baz\u00e1n, Mill\u00e1n Astray, Ram\u00f3n Cabanillas, Eduardo Pondal, Jose Echegaray, Wenceslao Fl\u00f3rez, Castealo, Primo de Rivera or the Infanta Isabel de Arag\u00f3n among others. The place was so famous that it was even possible to publish a magazine and even to have its own special currency in the first decades of the 20th century.<\/p>\n<p>From: Coordinates &#8220;O Aloumi\u00f1o M\u00e1xico&#8221;<br \/>\n42.233886, -8.417925<br \/>\nTo: Coordinates &#8220;Mondariz Balneario&#8221;<br \/>\n42.226186, -8.466050<\/p>\n","protected":false},"excerpt":{"rendered":"<p>Pozo da G\u00e1ndara Fountain at Mondariz Spa. The mineral mining properties of the waters of Mondariz were known and were used for centuries by civilizations that like the Roman, have been known for their interest in the properties of medicinal and thermal waters. Proof of this has been that during the work of the conditioning [&hellip;]<\/p>\n","protected":false},"author":1,"featured_media":0,"parent":303,"menu_order":0,"comment_status":"closed","ping_status":"closed","template":"page-templates\/full-width.php","meta":{"footnotes":""},"class_list":["post-329","page","type-page","status-publish","hentry"],"_links":{"self":[{"href":"https:\/\/casadoaloumino.com\/en\/wp-json\/wp\/v2\/pages\/329","targetHints":{"allow":["GET"]}}],"collection":[{"href":"https:\/\/casadoaloumino.com\/en\/wp-json\/wp\/v2\/pages"}],"about":[{"href":"https:\/\/casadoaloumino.com\/en\/wp-json\/wp\/v2\/types\/page"}],"author":[{"embeddable":true,"href":"https:\/\/casadoaloumino.com\/en\/wp-json\/wp\/v2\/users\/1"}],"replies":[{"embeddable":true,"href":"https:\/\/casadoaloumino.com\/en\/wp-json\/wp\/v2\/comments?post=329"}],"version-history":[{"count":5,"href":"https:\/\/casadoaloumino.com\/en\/wp-json\/wp\/v2\/pages\/329\/revisions"}],"predecessor-version":[{"id":335,"href":"https:\/\/casadoaloumino.com\/en\/wp-json\/wp\/v2\/pages\/329\/revisions\/335"}],"up":[{"embeddable":true,"href":"https:\/\/casadoaloumino.com\/en\/wp-json\/wp\/v2\/pages\/303"}],"wp:attachment":[{"href":"https:\/\/casadoaloumino.com\/en\/wp-json\/wp\/v2\/media?parent=329"}],"curies":[{"name":"wp","href":"https:\/\/api.w.org\/{rel}","templated":true}]}}